{"id":2,"date":"2024-10-06T20:41:59","date_gmt":"2024-10-06T20:41:59","guid":{"rendered":"http:\/\/www.byrejisor.com\/?page_id=2"},"modified":"2024-10-09T19:26:06","modified_gmt":"2024-10-09T19:26:06","slug":"biyografi","status":"publish","type":"page","link":"https:\/\/www.byrejisor.com\/index.php\/biyografi\/","title":{"rendered":"B\u0130YOGRAF\u0130"},"content":{"rendered":"\n<p class=\"has-white-color has-black-background-color has-text-color has-background\"><strong>YAVUZ \u00c7UHACI<\/strong> 1961 y\u0131l\u0131nda Ayd\u0131n&#8217;da do\u011fdu. Istanbul \u00fcniversitesi Hukuk fak\u00fcltesi ve \u0130leti\u015fim fak\u00fcltelerini bitirdi. Radyo televizyon ana bilim dal\u0131nda master ve doktora \u00e7al\u0131\u015fmas\u0131 yapt\u0131. \u0130stanbul Belediye Konservatuar\u0131 Piano ve Bat\u0131 Kompozisyon b\u00f6l\u00fcm\u00fcnde okudu.Mesleki kariyerinde Kanal 6 ve S\u00fcper Kanalda Yap\u0131mc\u0131\/Y\u00f6netmen ve sunucu olarakta \u00e7al\u0131\u015ft\u0131.90 l\u0131 y\u0131llarda sekt\u00f6rel entertainment mecrada musical s\u00fcpervis\u00f6r (TIM)ve advertising\/art director olarak \u00fcst d\u00fczey y\u00f6neticilik yapt\u0131.. Bir \u00e7ok ses sanat\u00e7\u0131s\u0131 taraf\u0131ndan seslendirilmi\u015f besteleri, \u015fark\u0131 s\u00f6zleri ve ulusal ve uluslar aras\u0131 \u00f6d\u00fclleri var. Eserlerini okuyan sanat\u00e7\u0131lardan baz\u0131lar\u0131 Emel-Erdal, Nil Burak, Seyyal Taner, Atilla Atasoy, Co\u015fkun Demir, Erol Evgin, Mehtap Sara\u00e7, Fatih \u00dcrek, Harun Kol\u00e7ak, N\u00fckhet Duru ve Asl\u0131han \u00d6nc\u00fc. YAVUZ \u00c7UHACI was born in Ayd\u0131n in 1961. After graduating from Istanbul University Law and Communication Faculties he made master in Radio and Television. He studied Piano and Western Composition in Istanbul Municipality Konservatory. His composition and lyrics have won many national and international awards in several festivals and many famous Turkish singers have put them in their cd&#8217;s.<\/p>\n\n\n\n<blockquote class=\"wp-block-quote has-text-align-left is-style-plain has-luminous-vivid-amber-color has-text-color is-layout-flow wp-block-quote-is-layout-flow\">\n<p class=\"has-black-background-color has-background\">Merhaba ho\u015fgeldiniz.Bu web sitemizde Youtube ve di\u011fer t\u00fcm sosyal a\u011flardaki b\u00fct\u00fcn eser payla\u015f\u0131mlar\u0131m\u0131z\u0131n g\u00fcncel \u00f6rnekleri ve taze haberlerini bulman\u0131z\u0131 hedefliyoruz.Keyifli seyirler..<\/p>\n\n\n\n<p class=\"has-black-background-color has-background\">Hello and welcome. Our aim is for you to find up-to-date examples and fresh news of all our work sharing on Youtube and all other social networks on this website. Enjoy watching.<\/p>\n<\/blockquote>\n\n\n\n<p><\/p>\n\n\n\n<figure class=\"wp-block-embed is-type-video is-provider-youtube wp-block-embed-youtube wp-embed-aspect-16-9 wp-has-aspect-ratio\"><div class=\"wp-block-embed__wrapper\">\n<iframe title=\"Yavuz \u00c7uhac\u0131-KARA S\u0130YAH\" width=\"950\" height=\"534\" src=\"https:\/\/www.youtube.com\/embed\/EP7I22db5WI?feature=oembed\" frameborder=\"0\" allow=\"accelerometer; autoplay; clipboard-write; encrypted-media; gyroscope; picture-in-picture; web-share\" referrerpolicy=\"strict-origin-when-cross-origin\" allowfullscreen><\/iframe>\n<\/div><\/figure>\n","protected":false},"excerpt":{"rendered":"<p>YAVUZ \u00c7UHACI 1961 y\u0131l\u0131nda Ayd\u0131n&#8217;da do\u011fdu. Istanbul \u00fcniversitesi Hukuk fak\u00fcltesi ve \u0130leti\u015fim fak\u00fcltelerini bitirdi. Radyo televizyon ana bilim dal\u0131nda master ve doktora \u00e7al\u0131\u015fmas\u0131 yapt\u0131. \u0130stanbul Belediye Konservatuar\u0131 Piano ve Bat\u0131 Kompozisyon b\u00f6l\u00fcm\u00fcnde okudu.Mesleki kariyerinde Kanal 6 ve S\u00fcper Kanalda Yap\u0131mc\u0131\/Y\u00f6netmen ve sunucu olarakta \u00e7al\u0131\u015ft\u0131.90 l\u0131 y\u0131llarda sekt\u00f6rel entertainment mecrada musical s\u00fcpervis\u00f6r (TIM)ve advertising\/art director olarak &hellip; <\/p>\n<p class=\"link-more\"><a href=\"https:\/\/www.byrejisor.com\/index.php\/biyografi\/\" class=\"more-link\"><span class=\"screen-reader-text\"> &#8220;B\u0130YOGRAF\u0130&#8221;<\/span>devam\u0131n\u0131 oku<\/a><\/p>\n","protected":false},"author":1,"featured_media":0,"parent":0,"menu_order":0,"comment_status":"closed","ping_status":"open","template":"","meta":{"inspiro_hide_title":false,"footnotes":""},"class_list":["post-2","page","type-page","status-publish","hentry"],"yoast_head":"<!-- This site is optimized with the Yoast SEO plugin v27.4 - https:\/\/yoast.com\/product\/yoast-seo-wordpress\/ -->\n<title>B\u0130YOGRAF\u0130 - Byrejisor H.A.S<\/title>\n<meta name=\"robots\" content=\"index, follow, max-snippet:-1, max-image-preview:large, max-video-preview:-1\" \/>\n<link rel=\"canonical\" href=\"https:\/\/www.byrejisor.com\/index.php\/biyografi\/\" \/>\n<meta property=\"og:locale\" content=\"tr_TR\" \/>\n<meta property=\"og:type\" content=\"article\" \/>\n<meta property=\"og:title\" content=\"B\u0130YOGRAF\u0130 - Byrejisor H.A.S\" \/>\n<meta property=\"og:description\" content=\"YAVUZ \u00c7UHACI 1961 y\u0131l\u0131nda Ayd\u0131n&#8217;da do\u011fdu. Istanbul \u00fcniversitesi Hukuk fak\u00fcltesi ve \u0130leti\u015fim fak\u00fcltelerini bitirdi. Radyo televizyon ana bilim dal\u0131nda master ve doktora \u00e7al\u0131\u015fmas\u0131 yapt\u0131. \u0130stanbul Belediye Konservatuar\u0131 Piano ve Bat\u0131 Kompozisyon b\u00f6l\u00fcm\u00fcnde okudu.Mesleki kariyerinde Kanal 6 ve S\u00fcper Kanalda Yap\u0131mc\u0131\/Y\u00f6netmen ve sunucu olarakta \u00e7al\u0131\u015ft\u0131.90 l\u0131 y\u0131llarda sekt\u00f6rel entertainment mecrada musical s\u00fcpervis\u00f6r (TIM)ve advertising\/art director olarak &hellip; &quot;B\u0130YOGRAF\u0130&quot;devam\u0131n\u0131 oku\" \/>\n<meta property=\"og:url\" content=\"https:\/\/www.byrejisor.com\/index.php\/biyografi\/\" \/>\n<meta property=\"og:site_name\" content=\"Byrejisor H.A.S\" \/>\n<meta property=\"article:publisher\" content=\"https:\/\/www.facebook.com\/share\/15dknzBC33\/\" \/>\n<meta property=\"article:modified_time\" content=\"2024-10-09T19:26:06+00:00\" \/>\n<meta name=\"twitter:card\" content=\"summary_large_image\" \/>\n<meta name=\"twitter:label1\" content=\"Tahmini okuma s\u00fcresi\" \/>\n\t<meta name=\"twitter:data1\" content=\"1 dakika\" \/>\n<script type=\"application\/ld+json\" class=\"yoast-schema-graph\">{\"@context\":\"https:\\\/\\\/schema.org\",\"@graph\":[{\"@type\":\"WebPage\",\"@id\":\"https:\\\/\\\/www.byrejisor.com\\\/index.php\\\/biyografi\\\/\",\"url\":\"https:\\\/\\\/www.byrejisor.com\\\/index.php\\\/biyografi\\\/\",\"name\":\"B\u0130YOGRAF\u0130 - Byrejisor H.A.S\",\"isPartOf\":{\"@id\":\"https:\\\/\\\/www.byrejisor.com\\\/#website\"},\"datePublished\":\"2024-10-06T20:41:59+00:00\",\"dateModified\":\"2024-10-09T19:26:06+00:00\",\"breadcrumb\":{\"@id\":\"https:\\\/\\\/www.byrejisor.com\\\/index.php\\\/biyografi\\\/#breadcrumb\"},\"inLanguage\":\"tr\",\"potentialAction\":[{\"@type\":\"ReadAction\",\"target\":[\"https:\\\/\\\/www.byrejisor.com\\\/index.php\\\/biyografi\\\/\"]}]},{\"@type\":\"BreadcrumbList\",\"@id\":\"https:\\\/\\\/www.byrejisor.com\\\/index.php\\\/biyografi\\\/#breadcrumb\",\"itemListElement\":[{\"@type\":\"ListItem\",\"position\":1,\"name\":\"Anasayfa\",\"item\":\"https:\\\/\\\/www.byrejisor.com\\\/\"},{\"@type\":\"ListItem\",\"position\":2,\"name\":\"B\u0130YOGRAF\u0130\"}]},{\"@type\":\"WebSite\",\"@id\":\"https:\\\/\\\/www.byrejisor.com\\\/#website\",\"url\":\"https:\\\/\\\/www.byrejisor.com\\\/\",\"name\":\"Byrejisor H.A.S\",\"description\":\"Yavuz &Ccedil;uhac\u0131 official Web site\",\"publisher\":{\"@id\":\"https:\\\/\\\/www.byrejisor.com\\\/#organization\"},\"potentialAction\":[{\"@type\":\"SearchAction\",\"target\":{\"@type\":\"EntryPoint\",\"urlTemplate\":\"https:\\\/\\\/www.byrejisor.com\\\/?s={search_term_string}\"},\"query-input\":{\"@type\":\"PropertyValueSpecification\",\"valueRequired\":true,\"valueName\":\"search_term_string\"}}],\"inLanguage\":\"tr\"},{\"@type\":\"Organization\",\"@id\":\"https:\\\/\\\/www.byrejisor.com\\\/#organization\",\"name\":\"Byrejisor H.A.S\",\"url\":\"https:\\\/\\\/www.byrejisor.com\\\/\",\"logo\":{\"@type\":\"ImageObject\",\"inLanguage\":\"tr\",\"@id\":\"https:\\\/\\\/www.byrejisor.com\\\/#\\\/schema\\\/logo\\\/image\\\/\",\"url\":\"https:\\\/\\\/www.byrejisor.com\\\/wp-content\\\/uploads\\\/2024\\\/11\\\/cropped-byrejisor-H.A-S.LogoS_.png\",\"contentUrl\":\"https:\\\/\\\/www.byrejisor.com\\\/wp-content\\\/uploads\\\/2024\\\/11\\\/cropped-byrejisor-H.A-S.LogoS_.png\",\"width\":2586,\"height\":2657,\"caption\":\"Byrejisor H.A.S\"},\"image\":{\"@id\":\"https:\\\/\\\/www.byrejisor.com\\\/#\\\/schema\\\/logo\\\/image\\\/\"},\"sameAs\":[\"https:\\\/\\\/www.facebook.com\\\/share\\\/15dknzBC33\\\/\",\"https:\\\/\\\/www.instagram.com\\\/yavuz.cuhaci?igsh=Nndnbnh1a3BuN2dz\"]}]}<\/script>\n<!-- \/ Yoast SEO plugin. -->","yoast_head_json":{"title":"B\u0130YOGRAF\u0130 - Byrejisor H.A.S","robots":{"index":"index","follow":"follow","max-snippet":"max-snippet:-1","max-image-preview":"max-image-preview:large","max-video-preview":"max-video-preview:-1"},"canonical":"https:\/\/www.byrejisor.com\/index.php\/biyografi\/","og_locale":"tr_TR","og_type":"article","og_title":"B\u0130YOGRAF\u0130 - Byrejisor H.A.S","og_description":"YAVUZ \u00c7UHACI 1961 y\u0131l\u0131nda Ayd\u0131n&#8217;da do\u011fdu. Istanbul \u00fcniversitesi Hukuk fak\u00fcltesi ve \u0130leti\u015fim fak\u00fcltelerini bitirdi. Radyo televizyon ana bilim dal\u0131nda master ve doktora \u00e7al\u0131\u015fmas\u0131 yapt\u0131. \u0130stanbul Belediye Konservatuar\u0131 Piano ve Bat\u0131 Kompozisyon b\u00f6l\u00fcm\u00fcnde okudu.Mesleki kariyerinde Kanal 6 ve S\u00fcper Kanalda Yap\u0131mc\u0131\/Y\u00f6netmen ve sunucu olarakta \u00e7al\u0131\u015ft\u0131.90 l\u0131 y\u0131llarda sekt\u00f6rel entertainment mecrada musical s\u00fcpervis\u00f6r (TIM)ve advertising\/art director olarak &hellip; \"B\u0130YOGRAF\u0130\"devam\u0131n\u0131 oku","og_url":"https:\/\/www.byrejisor.com\/index.php\/biyografi\/","og_site_name":"Byrejisor H.A.S","article_publisher":"https:\/\/www.facebook.com\/share\/15dknzBC33\/","article_modified_time":"2024-10-09T19:26:06+00:00","twitter_card":"summary_large_image","twitter_misc":{"Tahmini okuma s\u00fcresi":"1 dakika"},"schema":{"@context":"https:\/\/schema.org","@graph":[{"@type":"WebPage","@id":"https:\/\/www.byrejisor.com\/index.php\/biyografi\/","url":"https:\/\/www.byrejisor.com\/index.php\/biyografi\/","name":"B\u0130YOGRAF\u0130 - Byrejisor H.A.S","isPartOf":{"@id":"https:\/\/www.byrejisor.com\/#website"},"datePublished":"2024-10-06T20:41:59+00:00","dateModified":"2024-10-09T19:26:06+00:00","breadcrumb":{"@id":"https:\/\/www.byrejisor.com\/index.php\/biyografi\/#breadcrumb"},"inLanguage":"tr","potentialAction":[{"@type":"ReadAction","target":["https:\/\/www.byrejisor.com\/index.php\/biyografi\/"]}]},{"@type":"BreadcrumbList","@id":"https:\/\/www.byrejisor.com\/index.php\/biyografi\/#breadcrumb","itemListElement":[{"@type":"ListItem","position":1,"name":"Anasayfa","item":"https:\/\/www.byrejisor.com\/"},{"@type":"ListItem","position":2,"name":"B\u0130YOGRAF\u0130"}]},{"@type":"WebSite","@id":"https:\/\/www.byrejisor.com\/#website","url":"https:\/\/www.byrejisor.com\/","name":"Byrejisor H.A.S","description":"Yavuz &Ccedil;uhac\u0131 official Web site","publisher":{"@id":"https:\/\/www.byrejisor.com\/#organization"},"potentialAction":[{"@type":"SearchAction","target":{"@type":"EntryPoint","urlTemplate":"https:\/\/www.byrejisor.com\/?s={search_term_string}"},"query-input":{"@type":"PropertyValueSpecification","valueRequired":true,"valueName":"search_term_string"}}],"inLanguage":"tr"},{"@type":"Organization","@id":"https:\/\/www.byrejisor.com\/#organization","name":"Byrejisor H.A.S","url":"https:\/\/www.byrejisor.com\/","logo":{"@type":"ImageObject","inLanguage":"tr","@id":"https:\/\/www.byrejisor.com\/#\/schema\/logo\/image\/","url":"https:\/\/www.byrejisor.com\/wp-content\/uploads\/2024\/11\/cropped-byrejisor-H.A-S.LogoS_.png","contentUrl":"https:\/\/www.byrejisor.com\/wp-content\/uploads\/2024\/11\/cropped-byrejisor-H.A-S.LogoS_.png","width":2586,"height":2657,"caption":"Byrejisor H.A.S"},"image":{"@id":"https:\/\/www.byrejisor.com\/#\/schema\/logo\/image\/"},"sameAs":["https:\/\/www.facebook.com\/share\/15dknzBC33\/","https:\/\/www.instagram.com\/yavuz.cuhaci?igsh=Nndnbnh1a3BuN2dz"]}]}},"_links":{"self":[{"href":"https:\/\/www.byrejisor.com\/index.php\/wp-json\/wp\/v2\/pages\/2","targetHints":{"allow":["GET"]}}],"collection":[{"href":"https:\/\/www.byrejisor.com\/index.php\/wp-json\/wp\/v2\/pages"}],"about":[{"href":"https:\/\/www.byrejisor.com\/index.php\/wp-json\/wp\/v2\/types\/page"}],"author":[{"embeddable":true,"href":"https:\/\/www.byrejisor.com\/index.php\/wp-json\/wp\/v2\/users\/1"}],"replies":[{"embeddable":true,"href":"https:\/\/www.byrejisor.com\/index.php\/wp-json\/wp\/v2\/comments?post=2"}],"version-history":[{"count":9,"href":"https:\/\/www.byrejisor.com\/index.php\/wp-json\/wp\/v2\/pages\/2\/revisions"}],"predecessor-version":[{"id":301,"href":"https:\/\/www.byrejisor.com\/index.php\/wp-json\/wp\/v2\/pages\/2\/revisions\/301"}],"wp:attachment":[{"href":"https:\/\/www.byrejisor.com\/index.php\/wp-json\/wp\/v2\/media?parent=2"}],"curies":[{"name":"wp","href":"https:\/\/api.w.org\/{rel}","templated":true}]}}